{"id":9559,"date":"2023-12-07T19:30:30","date_gmt":"2023-12-07T18:30:30","guid":{"rendered":"https:\/\/czaje.com\/?post_type=product&#038;p=9559"},"modified":"2026-03-24T11:45:28","modified_gmt":"2026-03-24T10:45:28","slug":"choco-loco","status":"publish","type":"product","link":"https:\/\/czaje.com\/en\/product\/choco-loco\/","title":{"rendered":"Choco Loco"},"content":{"rendered":"<p>aromatyczna herbata<br \/>\n<\/br><\/p>\n<p>Czarna herbata z moc\u0105 przyci\u0105gania deser\u00f3w (podobno).<br \/>\nIdealna na sesj\u0119 relaksacyjn\u0105, jak i podczas dzikich ta\u0144c\u00f3w w zaciszu domowym.<br \/>\n<\/br><br \/>\nCzekoladowo-karmelowe szale\u0144stwo! Wzbudza u\u015bmiech ju\u017c na etapie gotowania wody. Z ni\u0105 ka\u017cdy, nawet najbardziej parszywy dzie\u0144 b\u0119dzie loco \u2013 szalony!<br \/>\nCo tu du\u017co m\u00f3wi\u0107 \u2013 szalona i rozkoszna zarazem <3\n<\/br><\/p>\n<p><strong>Composition:<\/strong> herbata czarna Ceylon, kawa\u0142ki czekolady (cukier, kakao, emulgator lecytyna sojowa), kawa\u0142ki karmelu (zag\u0119szczone odt\u0142uszczone mleko z cukrem), ziarno kakaowca, morwa bia\u0142a, aromaty<br \/>\n<strong>Gramatura:<\/strong> 50g<br \/>\n<strong>Spos\u00f3b parzenia:<\/strong> 1,5 \u0142y\u017ceczki\/250ml, 80 stopni C, 4 min<br \/>\n<\/br><br \/>\nWyprodukowano w Polsce.<br \/>\n<\/br><\/p>","protected":false},"excerpt":{"rendered":"<p><strong>czarna herbata z moc\u0105 przyci\u0105gania deser\u00f3w (podobno)<\/strong><\/p>\n<p><span style=\"font-weight: 400;\">Idealna na sesj\u0119 relaksacyjn\u0105, jak i podczas dzikich ta\u0144c\u00f3w w zaciszu domowym <img loading=\"lazy\" decoding=\"async\" src=\"http:\/\/czaje.com\/wp-content\/uploads\/2023\/04\/cieszaca-sie-minka_maselko-jasne.png\" alt=\"\" width=\"24\" height=\"16\" class=\"alignnone size-full wp-image-9168\" \/> <\/span><\/p>\n<p><span style=\"font-weight: 400;\">Co tu du\u017co m\u00f3wi\u0107 &#8211; szalona i rozkoszna zarazem <img loading=\"lazy\" decoding=\"async\" class=\"alignnone size-full wp-image-8493\" src=\"http:\/\/czaje.com\/wp-content\/uploads\/2022\/07\/icon_serce.png\" alt=\"\" width=\"19\" height=\"15\" \/><\/span><\/p>","protected":false},"featured_media":10083,"comment_status":"closed","ping_status":"closed","template":"","meta":{"_acf_changed":false,"inline_featured_image":false},"product_cat":[196],"product_tag":[96,90,199,95,104,99,103],"class_list":{"0":"post-9559","1":"product","2":"type-product","3":"status-publish","4":"has-post-thumbnail","6":"product_cat-herbaty-i-ziola","7":"product_tag-czarna-herbata","8":"product_tag-herbata","9":"product_tag-herbata-z-karmelem","10":"product_tag-herbaty-czaje","11":"product_tag-herbaty-organiczne","12":"product_tag-mieszanki-herbat","13":"product_tag-ziola","15":"first","16":"instock","17":"taxable","18":"shipping-taxable","19":"purchasable","20":"product-type-simple"},"acf":[],"_links":{"self":[{"href":"https:\/\/czaje.com\/en\/wp-json\/wp\/v2\/product\/9559","targetHints":{"allow":["GET"]}}],"collection":[{"href":"https:\/\/czaje.com\/en\/wp-json\/wp\/v2\/product"}],"about":[{"href":"https:\/\/czaje.com\/en\/wp-json\/wp\/v2\/types\/product"}],"replies":[{"embeddable":true,"href":"https:\/\/czaje.com\/en\/wp-json\/wp\/v2\/comments?post=9559"}],"wp:featuredmedia":[{"embeddable":true,"href":"https:\/\/czaje.com\/en\/wp-json\/wp\/v2\/media\/10083"}],"wp:attachment":[{"href":"https:\/\/czaje.com\/en\/wp-json\/wp\/v2\/media?parent=9559"}],"wp:term":[{"taxonomy":"product_cat","embeddable":true,"href":"https:\/\/czaje.com\/en\/wp-json\/wp\/v2\/product_cat?post=9559"},{"taxonomy":"product_tag","embeddable":true,"href":"https:\/\/czaje.com\/en\/wp-json\/wp\/v2\/product_tag?post=9559"}],"curies":[{"name":"wp","href":"https:\/\/api.w.org\/{rel}","templated":true}]}}