{"id":9298,"date":"2023-04-18T13:42:46","date_gmt":"2023-04-18T11:42:46","guid":{"rendered":"https:\/\/czaje.com\/?post_type=product&#038;p=9298"},"modified":"2026-03-25T19:48:34","modified_gmt":"2026-03-25T18:48:34","slug":"fight-like-a-girl","status":"publish","type":"product","link":"https:\/\/czaje.com\/en\/product\/fight-like-a-girl\/","title":{"rendered":"Fight like a girl"},"content":{"rendered":"<p>zio\u0142owy napar<br \/>\n<\/br><\/p>\n<p>It's pretty unfair that girls have to bleed once a month!<br \/>\n<\/br><br \/>\nNa t\u0119 i inne niesprawiedliwo\u015bci \u015bwiata przygotowa\u0142y\u015bmy dziewczy\u0144sk\u0105 mieszank\u0119 zi\u00f3\u0142, kt\u00f3ra otuli, wys\u0142ucha, poda czekolad\u0119\u2026 a nie to nie ona. Zosta\u0144my przy \u201eotuli\u201d! Z ni\u0105 szybko zapomnisz co to b\u00f3l, a \u201eTEN CZAS\u201d, jak to m\u00f3wi\u0142a moja Babcia, stanie si\u0119 naprawd\u0119 TWOIM NAJLEPSZYM CZASEM.<br \/>\n<\/br><\/p>\n<p><strong>Composition:<\/strong> feverfew, ginger root, lemon verbena, yarrow, jasmine, gooseberry<br \/>\n<strong>Magic Powers:<\/strong> dzia\u0142a rozkurczaj\u0105co, rozlu\u017ania, koi, przytula<br \/>\n<strong>Gramatura:<\/strong> 50g<br \/>\n<strong>Spos\u00f3b parzenia:<\/strong> 1,5 \u0142y\u017ceczki\/250ml, 100 stopni C, 10 min<br \/>\n<\/br><br \/>\nWyprodukowano w Polsce.<br \/>\n<\/br><\/p>","protected":false},"excerpt":{"rendered":"<p>zio\u0142owy napar To do\u015b\u0107 mocno nie fair, \u017ce dziewczyny musz\u0105 krwawi\u0107 raz w miesi\u0105cu! Na t\u0119 i inne niesprawiedliwo\u015bci \u015bwiata przygotowa\u0142y\u015bmy dziewczy\u0144sk\u0105 mieszank\u0119 zi\u00f3\u0142, kt\u00f3ra otuli, wys\u0142ucha, poda czekolad\u0119\u2026 a nie to nie ona. Zosta\u0144my przy \u201eotuli\u201d! Z ni\u0105 szybko zapomnisz co to b\u00f3l, a \u201eTEN CZAS\u201d, jak to m\u00f3wi\u0142a moja Babcia, stanie si\u0119 naprawd\u0119 [&hellip;]<\/p>","protected":false},"featured_media":10106,"comment_status":"closed","ping_status":"closed","template":"","meta":{"_acf_changed":false,"inline_featured_image":false},"product_cat":[196],"product_tag":[84,132,133,90,129,127,126,103,130,134],"class_list":{"0":"post-9298","1":"product","2":"type-product","3":"status-publish","4":"has-post-thumbnail","6":"product_cat-herbaty-i-ziola","7":"product_tag-czaje","8":"product_tag-fight-like-a-girl","9":"product_tag-girl-power","10":"product_tag-herbata","11":"product_tag-mieszanka-ziolowa","12":"product_tag-napar","13":"product_tag-napar-ziolowy","14":"product_tag-ziola","15":"product_tag-ziola-i-napary","16":"product_tag-ziola-z-podlasia","18":"first","19":"instock","20":"taxable","21":"shipping-taxable","22":"purchasable","23":"product-type-simple"},"acf":[],"_links":{"self":[{"href":"https:\/\/czaje.com\/en\/wp-json\/wp\/v2\/product\/9298","targetHints":{"allow":["GET"]}}],"collection":[{"href":"https:\/\/czaje.com\/en\/wp-json\/wp\/v2\/product"}],"about":[{"href":"https:\/\/czaje.com\/en\/wp-json\/wp\/v2\/types\/product"}],"replies":[{"embeddable":true,"href":"https:\/\/czaje.com\/en\/wp-json\/wp\/v2\/comments?post=9298"}],"wp:featuredmedia":[{"embeddable":true,"href":"https:\/\/czaje.com\/en\/wp-json\/wp\/v2\/media\/10106"}],"wp:attachment":[{"href":"https:\/\/czaje.com\/en\/wp-json\/wp\/v2\/media?parent=9298"}],"wp:term":[{"taxonomy":"product_cat","embeddable":true,"href":"https:\/\/czaje.com\/en\/wp-json\/wp\/v2\/product_cat?post=9298"},{"taxonomy":"product_tag","embeddable":true,"href":"https:\/\/czaje.com\/en\/wp-json\/wp\/v2\/product_tag?post=9298"}],"curies":[{"name":"wp","href":"https:\/\/api.w.org\/{rel}","templated":true}]}}