{"id":9201,"date":"2023-04-05T19:24:22","date_gmt":"2023-04-05T17:24:22","guid":{"rendered":"https:\/\/czaje.com\/?post_type=product&#038;p=9201"},"modified":"2026-03-19T09:59:01","modified_gmt":"2026-03-19T08:59:01","slug":"zaparzacz-flower-power","status":"publish","type":"product","link":"https:\/\/czaje.com\/en\/product\/zaparzacz-flower-power\/","title":{"rendered":"Flower Power"},"content":{"rendered":"<p>Tea infuser<br \/>\n<\/br><\/p>\n<p>Je\u015bli jednym z Twoich ulubionych napoi jest herbata, nie masz wyboru! Musisz mie\u0107 zaparzacz  Czemu wi\u0119c nie mia\u0142by by\u0107 taki cuuute jak ten?<br \/>\n<\/br><br \/>\nThe flower tea infuser will make your day even more pleasant at the stage of boiling water.<br \/>\nNow all that's left is to choose your favorite tea or herbal infusion and get to work!<br \/>\n<\/br><\/p>\n<p><strong>Material:<\/strong> stainless steel, mother of pearl<br \/>\n<strong>Size:<\/strong> zaparzacz \u2013 6cm, \u0142a\u0144cuszek \u2013 11cm, zawieszka \u2013 oko\u0142o 4cm (mo\u017ce si\u0119 r\u00f3\u017cni\u0107 od zawieszki na zdj\u0119ciu)<br \/>\n<\/br><\/p>","protected":false},"excerpt":{"rendered":"<p>zaparzacz do herbaty Je\u015bli jednym z Twoich ulubionych napoi jest herbata, nie masz wyboru! Musisz mie\u0107 zaparzacz Czemu wi\u0119c nie mia\u0142by by\u0107 taki cuuute jak ten? Kwiatkowy zaparzacz do herbaty umili Ci dzie\u0144 ju\u017c na etapie gotowania wody. Teraz zosta\u0142o ju\u017c tylko wybra\u0107 ulubion\u0105 herbat\u0119 lub napar zio\u0142owy i do dzie\u0142a! Materia\u0142: stal nierdzewna, masa [&hellip;]<\/p>","protected":false},"featured_media":9584,"comment_status":"closed","ping_status":"closed","template":"","meta":{"_acf_changed":false,"inline_featured_image":false},"product_cat":[197],"product_tag":[110,112,111,84,90,95,113,92,114,107,108,91],"class_list":{"0":"post-9201","1":"product","2":"type-product","3":"status-publish","4":"has-post-thumbnail","6":"product_cat-zaparzacz-do-herbaty","7":"product_tag-akcesoria-do-herbaty","8":"product_tag-akcesoria-do-parzenia-herbaty","9":"product_tag-akcesoria-kuchenne","10":"product_tag-czaje","11":"product_tag-herbata","12":"product_tag-herbaty-czaje","13":"product_tag-ozdobne-zaparzacze","14":"product_tag-sencha","15":"product_tag-stal-nierdzewna","16":"product_tag-zaparzacz","17":"product_tag-zaparzacz-do-herbaty","18":"product_tag-zielona-herbata","20":"first","21":"outofstock","22":"taxable","23":"shipping-taxable","24":"purchasable","25":"product-type-simple"},"acf":[],"_links":{"self":[{"href":"https:\/\/czaje.com\/en\/wp-json\/wp\/v2\/product\/9201","targetHints":{"allow":["GET"]}}],"collection":[{"href":"https:\/\/czaje.com\/en\/wp-json\/wp\/v2\/product"}],"about":[{"href":"https:\/\/czaje.com\/en\/wp-json\/wp\/v2\/types\/product"}],"replies":[{"embeddable":true,"href":"https:\/\/czaje.com\/en\/wp-json\/wp\/v2\/comments?post=9201"}],"wp:featuredmedia":[{"embeddable":true,"href":"https:\/\/czaje.com\/en\/wp-json\/wp\/v2\/media\/9584"}],"wp:attachment":[{"href":"https:\/\/czaje.com\/en\/wp-json\/wp\/v2\/media?parent=9201"}],"wp:term":[{"taxonomy":"product_cat","embeddable":true,"href":"https:\/\/czaje.com\/en\/wp-json\/wp\/v2\/product_cat?post=9201"},{"taxonomy":"product_tag","embeddable":true,"href":"https:\/\/czaje.com\/en\/wp-json\/wp\/v2\/product_tag?post=9201"}],"curies":[{"name":"wp","href":"https:\/\/api.w.org\/{rel}","templated":true}]}}