{"id":7887,"date":"2022-07-11T17:36:35","date_gmt":"2022-07-11T15:36:35","guid":{"rendered":"http:\/\/czaje.com\/?post_type=product&#038;p=7887"},"modified":"2025-12-03T17:02:58","modified_gmt":"2025-12-03T16:02:58","slug":"jedwabna-apaszka-funky-forest","status":"publish","type":"product","link":"https:\/\/czaje.com\/en\/product\/jedwabna-apaszka-funky-forest\/","title":{"rendered":"Funky Forest"},"content":{"rendered":"<p>silk scarf<br \/>\n<\/br><\/p>\n<p>Le\u015bna chusta, inaczej zwana przez nas \u201eFunky Forest\u201d (alternatywnie \u201eTa\u0144cz\u0105ca z rysiami\u201d)<br \/>\nTo nie zwyczajna apaszka, to magiczny spacer po lesie! Szczeg\u00f3lnie polecana dla wszelakiej ma\u015bci mieszczuch\u00f3w, kt\u00f3rym za daleko do lasu.<br \/>\nThanks to it, you will win over all forest creatures with a dance step.<br \/>\n<\/br><br \/>\nOdkryj nasz\u0105 interpretacj\u0119 le\u015bnych motyw\u00f3w, na przemi\u0142ej w dotyku jedwabnej apaszce.<br \/>\n<\/br><\/p>\n<p><strong>Composition:<\/strong> 100% natural silk<br \/>\n<strong>Wymiary:<\/strong> 90&#215;90 cm<br \/>\n<strong>Cleaning:<\/strong> r\u0119czne<br \/>\n<\/br><br \/>\nWyprodukowano w Polsce.<br \/>\n<\/br><\/p>","protected":false},"excerpt":{"rendered":"<p>jedwabna apaszka Le\u015bna chusta, inaczej zwana przez nas \u201eFunky Forest\u201d (alternatywnie \u201eTa\u0144cz\u0105ca z rysiami\u201d) To nie zwyczajna apaszka, to magiczny spacer po lesie! Szczeg\u00f3lnie polecana dla wszelakiej ma\u015bci mieszczuch\u00f3w, kt\u00f3rym za daleko do lasu. Dzi\u0119ki niej tanecznym krokiem zjednasz sobie wszystkie le\u015bne kreatury. Odkryj nasz\u0105 interpretacj\u0119 le\u015bnych motyw\u00f3w, na przemi\u0142ej w dotyku jedwabnej apaszce. Sk\u0142ad: [&hellip;]<\/p>","protected":false},"featured_media":8704,"comment_status":"closed","ping_status":"closed","template":"","meta":{"_acf_changed":false,"inline_featured_image":false},"product_cat":[74],"product_tag":[81,86,83,84,116,121,119,85,82,120,89,88,87],"class_list":{"0":"post-7887","1":"product","2":"type-product","3":"status-publish","4":"has-post-thumbnail","6":"product_cat-apaszki","7":"product_tag-apaszka","8":"product_tag-apaszki-czaje","9":"product_tag-chusta","10":"product_tag-czaje","11":"product_tag-dodatki-modowe","12":"product_tag-dodatki-z-jedwabiu","13":"product_tag-gawroszka","14":"product_tag-jedwab","15":"product_tag-jedwabna-apaszka","16":"product_tag-jedwabne-szale","17":"product_tag-polska-marka","18":"product_tag-szal","19":"product_tag-szalik","21":"first","22":"outofstock","23":"taxable","24":"shipping-taxable","25":"purchasable","26":"product-type-simple"},"acf":[],"_links":{"self":[{"href":"https:\/\/czaje.com\/en\/wp-json\/wp\/v2\/product\/7887","targetHints":{"allow":["GET"]}}],"collection":[{"href":"https:\/\/czaje.com\/en\/wp-json\/wp\/v2\/product"}],"about":[{"href":"https:\/\/czaje.com\/en\/wp-json\/wp\/v2\/types\/product"}],"replies":[{"embeddable":true,"href":"https:\/\/czaje.com\/en\/wp-json\/wp\/v2\/comments?post=7887"}],"wp:featuredmedia":[{"embeddable":true,"href":"https:\/\/czaje.com\/en\/wp-json\/wp\/v2\/media\/8704"}],"wp:attachment":[{"href":"https:\/\/czaje.com\/en\/wp-json\/wp\/v2\/media?parent=7887"}],"wp:term":[{"taxonomy":"product_cat","embeddable":true,"href":"https:\/\/czaje.com\/en\/wp-json\/wp\/v2\/product_cat?post=7887"},{"taxonomy":"product_tag","embeddable":true,"href":"https:\/\/czaje.com\/en\/wp-json\/wp\/v2\/product_tag?post=7887"}],"curies":[{"name":"wp","href":"https:\/\/api.w.org\/{rel}","templated":true}]}}