{"id":7886,"date":"2022-07-11T17:35:47","date_gmt":"2022-07-11T15:35:47","guid":{"rendered":"http:\/\/czaje.com\/?post_type=product&#038;p=7886"},"modified":"2025-12-03T17:07:15","modified_gmt":"2025-12-03T16:07:15","slug":"meadow-pleasures","status":"publish","type":"product","link":"https:\/\/czaje.com\/en\/product\/meadow-pleasures\/","title":{"rendered":"Meadow Pleasures"},"content":{"rendered":"<p>silk scarf<br \/>\n<\/br><\/p>\n<p>\u0141\u0105kowa chusta lub jak lubimy j\u0105 nazywa\u0107 &#8211; \u201eMeadow Pleasures\u201d, to spacer z g\u0142ow\u0105 w chmu\u2026kwiatach! W dodatku tych polnych. Najlepiej!<br \/>\n<\/br><br \/>\nGdy tylko otulisz si\u0119 jedwabn\u0105 apaszk\u0105, w mig poczujesz si\u0119, jakby\u015b biega\u0142a boso po \u0142\u0105ce, przy akompaniamencie \u015bwierszczy.<br \/>\nWhat could be more pleasant?<br \/>\n<\/br><\/p>\n<p><strong>Composition:<\/strong> 100% natural silk<br \/>\n<strong>Wymiary:<\/strong> 90&#215;90 cm<br \/>\n<strong>Cleaning:<\/strong> r\u0119czne<br \/>\n<\/br><br \/>\nWyprodukowano w Polsce.<br \/>\n<\/br><\/p>","protected":false},"excerpt":{"rendered":"<p>jedwabna apaszka \u0141\u0105kowa chusta lub jak lubimy j\u0105 nazywa\u0107 &#8211; \u201eMeadow Pleasures\u201d, to spacer z g\u0142ow\u0105 w chmu\u2026kwiatach! W dodatku tych polnych. Najlepiej! Gdy tylko otulisz si\u0119 jedwabn\u0105 apaszk\u0105, w mig poczujesz si\u0119, jakby\u015b biega\u0142a boso po \u0142\u0105ce, przy akompaniamencie \u015bwierszczy. Czy mo\u017ce by\u0107 co\u015b przyjemniejszego? Sk\u0142ad: 100% jedwab naturalny Wymiary: 90&#215;90 cm Czyszczenie: r\u0119czne [&hellip;]<\/p>","protected":false},"featured_media":8696,"comment_status":"closed","ping_status":"closed","template":"","meta":{"_acf_changed":false,"inline_featured_image":false},"product_cat":[74],"product_tag":[81,83,84,85,82],"class_list":{"0":"post-7886","1":"product","2":"type-product","3":"status-publish","4":"has-post-thumbnail","6":"product_cat-apaszki","7":"product_tag-apaszka","8":"product_tag-chusta","9":"product_tag-czaje","10":"product_tag-jedwab","11":"product_tag-jedwabna-apaszka","13":"first","14":"instock","15":"sale","16":"taxable","17":"shipping-taxable","18":"purchasable","19":"product-type-simple"},"acf":[],"_links":{"self":[{"href":"https:\/\/czaje.com\/en\/wp-json\/wp\/v2\/product\/7886","targetHints":{"allow":["GET"]}}],"collection":[{"href":"https:\/\/czaje.com\/en\/wp-json\/wp\/v2\/product"}],"about":[{"href":"https:\/\/czaje.com\/en\/wp-json\/wp\/v2\/types\/product"}],"replies":[{"embeddable":true,"href":"https:\/\/czaje.com\/en\/wp-json\/wp\/v2\/comments?post=7886"}],"wp:featuredmedia":[{"embeddable":true,"href":"https:\/\/czaje.com\/en\/wp-json\/wp\/v2\/media\/8696"}],"wp:attachment":[{"href":"https:\/\/czaje.com\/en\/wp-json\/wp\/v2\/media?parent=7886"}],"wp:term":[{"taxonomy":"product_cat","embeddable":true,"href":"https:\/\/czaje.com\/en\/wp-json\/wp\/v2\/product_cat?post=7886"},{"taxonomy":"product_tag","embeddable":true,"href":"https:\/\/czaje.com\/en\/wp-json\/wp\/v2\/product_tag?post=7886"}],"curies":[{"name":"wp","href":"https:\/\/api.w.org\/{rel}","templated":true}]}}