{"id":7836,"date":"2022-07-11T15:33:40","date_gmt":"2022-07-11T13:33:40","guid":{"rendered":"http:\/\/czaje.com\/?post_type=product&#038;p=7836"},"modified":"2025-12-03T17:07:28","modified_gmt":"2025-12-03T16:07:28","slug":"watery-secrets","status":"publish","type":"product","link":"https:\/\/czaje.com\/en\/product\/watery-secrets\/","title":{"rendered":"Watery Secrets"},"content":{"rendered":"<p>silk scarf<\/p>\n<p>Chusta o lekko tajemniczej nazwie \u201eWatery Secrets\u201d \u2013 nasze pi\u0119kne dno i wodorosty!<\/p>\n<p>Dla wszystkich wielbicieli m\u00f3rz, jezior i ocean\u00f3w, a nawet oczek wodnych!<br \/>\nDon't be fooled by the green, this silk scarf is inspired by sea stories and is meant to celebrate the longed-for holiday by the water.<\/p>\n<p>Czy poczujesz si\u0119 dzi\u0119ki niej jak syrenka? By\u0107 mo\u017ce\u2026<\/p>\n<p><strong>Composition:<\/strong> 100% natural silk<br \/>\n<strong>Wymiary:<\/strong> 90&#215;90 cm<br \/>\n<strong>Cleaning:<\/strong> r\u0119czne<\/p>\n<p>Wyprodukowano w Polsce.<\/p>","protected":false},"excerpt":{"rendered":"<p>jedwabna apaszka Chusta o lekko tajemniczej nazwie \u201eWatery Secrets\u201d \u2013 nasze pi\u0119kne dno i wodorosty! Dla wszystkich wielbicieli m\u00f3rz, jezior i ocean\u00f3w, a nawet oczek wodnych! Nie daj si\u0119 zwie\u015b\u0107 zieleni, ta jedwabna apaszka nawi\u0105zuje do morskich opowie\u015bci i ma na celu afirmowa\u0107 upragnione wakacje nad wod\u0105. Czy poczujesz si\u0119 dzi\u0119ki niej jak syrenka? By\u0107 [&hellip;]<\/p>","protected":false},"featured_media":8700,"comment_status":"closed","ping_status":"closed","template":"","meta":{"_acf_changed":false,"inline_featured_image":false},"product_cat":[74],"product_tag":[81,86,83,84,85,82,87],"class_list":{"0":"post-7836","1":"product","2":"type-product","3":"status-publish","4":"has-post-thumbnail","6":"product_cat-apaszki","7":"product_tag-apaszka","8":"product_tag-apaszki-czaje","9":"product_tag-chusta","10":"product_tag-czaje","11":"product_tag-jedwab","12":"product_tag-jedwabna-apaszka","13":"product_tag-szalik","15":"first","16":"outofstock","17":"taxable","18":"shipping-taxable","19":"purchasable","20":"product-type-simple"},"acf":[],"_links":{"self":[{"href":"https:\/\/czaje.com\/en\/wp-json\/wp\/v2\/product\/7836","targetHints":{"allow":["GET"]}}],"collection":[{"href":"https:\/\/czaje.com\/en\/wp-json\/wp\/v2\/product"}],"about":[{"href":"https:\/\/czaje.com\/en\/wp-json\/wp\/v2\/types\/product"}],"replies":[{"embeddable":true,"href":"https:\/\/czaje.com\/en\/wp-json\/wp\/v2\/comments?post=7836"}],"wp:featuredmedia":[{"embeddable":true,"href":"https:\/\/czaje.com\/en\/wp-json\/wp\/v2\/media\/8700"}],"wp:attachment":[{"href":"https:\/\/czaje.com\/en\/wp-json\/wp\/v2\/media?parent=7836"}],"wp:term":[{"taxonomy":"product_cat","embeddable":true,"href":"https:\/\/czaje.com\/en\/wp-json\/wp\/v2\/product_cat?post=7836"},{"taxonomy":"product_tag","embeddable":true,"href":"https:\/\/czaje.com\/en\/wp-json\/wp\/v2\/product_tag?post=7836"}],"curies":[{"name":"wp","href":"https:\/\/api.w.org\/{rel}","templated":true}]}}