{"id":11201,"date":"2025-12-01T18:00:20","date_gmt":"2025-12-01T17:00:20","guid":{"rendered":"https:\/\/czaje.com\/?post_type=product&#038;p=11201"},"modified":"2026-03-26T10:12:20","modified_gmt":"2026-03-26T09:12:20","slug":"flowerhead-choco-musk-gold","status":"publish","type":"product","link":"https:\/\/czaje.com\/en\/product\/flowerhead-choco-musk-gold\/","title":{"rendered":"Flowerhead Choco Musk Gold"},"content":{"rendered":"<p>torebka damska<br \/>\n<\/br><\/p>\n<p>R\u0119cznie wykonana przez Basi\u0119 torebka o uroczym kszta\u0142cie kwiatko-piero\u017cka <3\n<\/br><br \/>\nNa \u015awiecie jest ich tylko kilka sztuk, tak wi\u0119c to zdecydowanie bia\u0142y kruk w\u015br\u00f3d torebek!<br \/>\nIdealna na spacer, spotkanie ze znajomymi lub najwa\u017cniejszy bal w Twoim \u017cyciu.<br \/>\n<\/br><br \/>\n<strong>Czas realizacji zam\u00f3wienia:<\/strong> 3-5 dni roboczych. Ale \u015bmia\u0142o pytaj, gdy\u017c wi\u0119kszo\u015b\u0107 torebek mamy dost\u0119pnych od r\u0119ki!<\/p>\n<p><strong>Rzeczywiste kolory produkt\u00f3w mog\u0105 nieznacznie r\u00f3\u017cni\u0107 si\u0119 od tych przedstawionych na zdj\u0119ciach. <\/strong><br \/>\n<\/br><\/p>\n<p><strong>Size:<\/strong> 27x21cm<br \/>\n<strong>D\u0142ugo\u015b\u0107 r\u0105czki:<\/strong> 36cm<br \/>\n<strong>D\u0142ugo\u015b\u0107 paska:<\/strong> 103-105cm<br \/>\n<strong>Elementy metalowe:<\/strong> z\u0142ote<br \/>\n<strong>Tkanina zewn\u0119trzna:<\/strong> poliester z bawe\u0142n\u0105<br \/>\n<strong>Tkanina podszewki:<\/strong> bawe\u0142na z elastenem<br \/>\n<\/br><br \/>\nWyprodukowano w Polsce.<br \/>\n<\/br><\/p>\n<p>Kolor metalowych oku\u0107:<br \/>\n<button style=\"background-color: #FFD700; padding:10px; border-radius:50%; border: 3px solid #555555;\"><\/button>  <button style=\"background-color: #C0C0C0; padding:10px; border-radius:50%; border: 2px solid #C0C0C0;\" onclick=\"location.href='https:\/\/czaje.com\/produkt\/flowerhead-choco-musk-silver\/'\"><\/button><\/p>\n<p><\/br><\/br><\/p>","protected":false},"excerpt":{"rendered":"<p>torebka damska R\u0119cznie wykonana przez Basi\u0119 torebka o uroczym kszta\u0142cie kwiatko-piero\u017cka<\/p>","protected":false},"featured_media":11184,"comment_status":"closed","ping_status":"closed","template":"","meta":{"_acf_changed":false,"inline_featured_image":false},"product_cat":[195],"product_tag":[124,84,116,121,168,165,164,125,161,167,166],"class_list":{"0":"post-11201","1":"product","2":"type-product","3":"status-publish","4":"has-post-thumbnail","6":"product_cat-torebki-damskie","7":"product_tag-akcesoria-jedwabne","8":"product_tag-czaje","9":"product_tag-dodatki-modowe","10":"product_tag-dodatki-z-jedwabiu","11":"product_tag-handmade-bag","12":"product_tag-kopertowka","13":"product_tag-mala-torebka","14":"product_tag-moda-polska","15":"product_tag-torebka-damska","16":"product_tag-torebka-wizytowa","17":"product_tag-torebki","19":"first","20":"instock","21":"taxable","22":"shipping-taxable","23":"purchasable","24":"product-type-simple"},"acf":[],"_links":{"self":[{"href":"https:\/\/czaje.com\/en\/wp-json\/wp\/v2\/product\/11201","targetHints":{"allow":["GET"]}}],"collection":[{"href":"https:\/\/czaje.com\/en\/wp-json\/wp\/v2\/product"}],"about":[{"href":"https:\/\/czaje.com\/en\/wp-json\/wp\/v2\/types\/product"}],"replies":[{"embeddable":true,"href":"https:\/\/czaje.com\/en\/wp-json\/wp\/v2\/comments?post=11201"}],"wp:featuredmedia":[{"embeddable":true,"href":"https:\/\/czaje.com\/en\/wp-json\/wp\/v2\/media\/11184"}],"wp:attachment":[{"href":"https:\/\/czaje.com\/en\/wp-json\/wp\/v2\/media?parent=11201"}],"wp:term":[{"taxonomy":"product_cat","embeddable":true,"href":"https:\/\/czaje.com\/en\/wp-json\/wp\/v2\/product_cat?post=11201"},{"taxonomy":"product_tag","embeddable":true,"href":"https:\/\/czaje.com\/en\/wp-json\/wp\/v2\/product_tag?post=11201"}],"curies":[{"name":"wp","href":"https:\/\/api.w.org\/{rel}","templated":true}]}}