{"id":10951,"date":"2025-07-16T12:12:50","date_gmt":"2025-07-16T10:12:50","guid":{"rendered":"https:\/\/czaje.com\/?post_type=product&#038;p=10951"},"modified":"2026-03-23T12:18:09","modified_gmt":"2026-03-23T11:18:09","slug":"insideout-cutie","status":"publish","type":"product","link":"https:\/\/czaje.com\/en\/product\/insideout-cutie\/","title":{"rendered":"Insideout Cutie"},"content":{"rendered":"<p>zio\u0142owy napar<br \/>\n<\/br><\/p>\n<p>Bez wzgl\u0119du na to, czy bardziej cenisz pi\u0119kno wewn\u0119trzne czy zewn\u0119trzne, nasza mieszanka zi\u00f3\u0142 sprosta wszystkim zadaniom!<br \/>\n<\/br><br \/>\nWyselekcjonowa\u0142y\u015bmy sk\u0142adniki, na temat kt\u00f3rych najstarsi zielarze rozprawiaj\u0105 o ich dwojakim dzia\u0142aniu. Skrzyp polny, pi\u0119ciornik, pokrzywa &#8211; ich cudowne w\u0142a\u015bciwo\u015bci pomog\u0105 zar\u00f3wno na dolegliwo\u015bci brzuszkowe, jak i sk\u00f3rne.<br \/>\n<\/br><br \/>\n<\/br><\/p>\n<p><strong>Composition:<\/strong> ziele skrzypu, k\u0142\u0105cze pi\u0119ciornika kurzego ziela, tymianek, korze\u0144 lukrecji, ziele bratka, kwiat wrzosu, li\u015b\u0107 pokrzywy<br \/>\n<strong>Magic Powers:<\/strong> wspiera uk\u0142ad pokarmowy, \u0142agodzi obyczaje, poprawia relacje z lustrem<br \/>\n<strong>Gramatura:<\/strong> 50g<br \/>\n<strong>Spos\u00f3b parzenia:<\/strong> 1,5 \u0142y\u017ceczki\/250ml, 100 stopni C, 10-15 min<br \/>\n<\/br><br \/>\nWyprodukowano w Polsce.<br \/>\n<\/br><\/p>","protected":false},"excerpt":{"rendered":"<p>zio\u0142owy napar Bez wzgl\u0119du na to, czy bardziej cenisz pi\u0119kno wewn\u0119trzne czy zewn\u0119trzne, nasza mieszanka zi\u00f3\u0142 sprosta wszystkim zadaniom! Wyselekcjonowa\u0142y\u015bmy sk\u0142adniki, na temat kt\u00f3rych najstarsi zielarze rozprawiaj\u0105 o ich dwojakim dzia\u0142aniu. Skrzyp polny, pi\u0119ciornik, pokrzywa &#8211; ich cudowne w\u0142a\u015bciwo\u015bci pomog\u0105 zar\u00f3wno na dolegliwo\u015bci brzuszkowe, jak i sk\u00f3rne. Sk\u0142ad: ziele skrzypu, k\u0142\u0105cze pi\u0119ciornika kurzego ziela, tymianek, [&hellip;]<\/p>","protected":false},"featured_media":10952,"comment_status":"closed","ping_status":"closed","template":"","meta":{"_acf_changed":false,"inline_featured_image":false},"product_cat":[196],"product_tag":[84,135,90,129,127,126,103,130,134],"class_list":{"0":"post-10951","1":"product","2":"type-product","3":"status-publish","4":"has-post-thumbnail","6":"product_cat-herbaty-i-ziola","7":"product_tag-czaje","8":"product_tag-dont-hate-meditate","9":"product_tag-herbata","10":"product_tag-mieszanka-ziolowa","11":"product_tag-napar","12":"product_tag-napar-ziolowy","13":"product_tag-ziola","14":"product_tag-ziola-i-napary","15":"product_tag-ziola-z-podlasia","17":"first","18":"instock","19":"taxable","20":"shipping-taxable","21":"purchasable","22":"product-type-simple"},"acf":[],"_links":{"self":[{"href":"https:\/\/czaje.com\/en\/wp-json\/wp\/v2\/product\/10951","targetHints":{"allow":["GET"]}}],"collection":[{"href":"https:\/\/czaje.com\/en\/wp-json\/wp\/v2\/product"}],"about":[{"href":"https:\/\/czaje.com\/en\/wp-json\/wp\/v2\/types\/product"}],"replies":[{"embeddable":true,"href":"https:\/\/czaje.com\/en\/wp-json\/wp\/v2\/comments?post=10951"}],"wp:featuredmedia":[{"embeddable":true,"href":"https:\/\/czaje.com\/en\/wp-json\/wp\/v2\/media\/10952"}],"wp:attachment":[{"href":"https:\/\/czaje.com\/en\/wp-json\/wp\/v2\/media?parent=10951"}],"wp:term":[{"taxonomy":"product_cat","embeddable":true,"href":"https:\/\/czaje.com\/en\/wp-json\/wp\/v2\/product_cat?post=10951"},{"taxonomy":"product_tag","embeddable":true,"href":"https:\/\/czaje.com\/en\/wp-json\/wp\/v2\/product_tag?post=10951"}],"curies":[{"name":"wp","href":"https:\/\/api.w.org\/{rel}","templated":true}]}}