{"id":10739,"date":"2025-04-25T13:32:00","date_gmt":"2025-04-25T11:32:00","guid":{"rendered":"https:\/\/czaje.com\/?post_type=product&#038;p=10739"},"modified":"2026-04-02T21:19:56","modified_gmt":"2026-04-02T19:19:56","slug":"figgy-charm","status":"publish","type":"product","link":"https:\/\/czaje.com\/en\/product\/figgy-charm\/","title":{"rendered":"Figgy Charm"},"content":{"rendered":"<p>aromatyczna herbata<br \/>\n<\/br><\/p>\n<p>Dwuznaczna jak gest figi, mieszanka bia\u0142ej herbaty.<br \/>\nO fidze mo\u017cnaby d\u0142ugo&#8230; dla jednych to drzewo o\u015bwiecenia, dla innych obra\u017aliwy gest, ma nawet funkcje apotropeiczne.<br \/>\n<\/br><br \/>\nDla nas to najmilszy sk\u0142adnik, kt\u00f3ry z dodatkiem je\u017cyny, niczym amulet, dzia\u0142a zdecydowanie magicznie!<br \/>\nW po\u0142\u0105czeniu z bia\u0142\u0105 herbat\u0105 odgania z\u0142e uroki i czyni dzie\u0144 pi\u0119kniejszym i to ju\u017c po pierwszym \u0142yku.<br \/>\n<\/br><\/p>\n<p><strong>Composition:<\/strong> bia\u0142a herbata, figa suszona, imbir kandyzowany, jab\u0142ko, sk\u00f3rka cytryny, je\u017cyna liofilizowana, li\u015b\u0107 je\u017cyny, naturalny aromat<br \/>\n<strong>Gramatura:<\/strong> 50g<br \/>\n<strong>Spos\u00f3b parzenia:<\/strong> 1 \u0142y\u017ceczka\/250ml, 80-85 stopni C, 2-3 min<br \/>\n<\/br><br \/>\nWyprodukowano w Polsce.<br \/>\n<\/br><\/p>","protected":false},"excerpt":{"rendered":"<p>aromatyczna herbata Dwuznaczna jak gest figi, mieszanka bia\u0142ej herbaty. O fidze mo\u017cnaby d\u0142ugo&#8230; dla jednych to drzewo o\u015bwiecenia, dla innych obra\u017aliwy gest, ma nawet funkcje apotropeiczne. Dla nas to najmilszy sk\u0142adnik, kt\u00f3ry z dodatkiem je\u017cyny, niczym amulet, dzia\u0142a zdecydowanie magicznie! W po\u0142\u0105czeniu z bia\u0142\u0105 herbat\u0105 odgania z\u0142e uroki i czyni dzie\u0144 pi\u0119kniejszym i to ju\u017c [&hellip;]<\/p>","protected":false},"featured_media":10742,"comment_status":"closed","ping_status":"closed","template":"","meta":{"_acf_changed":false,"inline_featured_image":false},"product_cat":[196],"product_tag":[84,90,94,95,92,93,91],"class_list":{"0":"post-10739","1":"product","2":"type-product","3":"status-publish","4":"has-post-thumbnail","6":"product_cat-herbaty-i-ziola","7":"product_tag-czaje","8":"product_tag-herbata","9":"product_tag-herbata-z-imbirem","10":"product_tag-herbaty-czaje","11":"product_tag-sencha","12":"product_tag-stay-sunny","13":"product_tag-zielona-herbata","15":"first","16":"instock","17":"taxable","18":"shipping-taxable","19":"purchasable","20":"product-type-simple"},"acf":[],"_links":{"self":[{"href":"https:\/\/czaje.com\/en\/wp-json\/wp\/v2\/product\/10739","targetHints":{"allow":["GET"]}}],"collection":[{"href":"https:\/\/czaje.com\/en\/wp-json\/wp\/v2\/product"}],"about":[{"href":"https:\/\/czaje.com\/en\/wp-json\/wp\/v2\/types\/product"}],"replies":[{"embeddable":true,"href":"https:\/\/czaje.com\/en\/wp-json\/wp\/v2\/comments?post=10739"}],"wp:featuredmedia":[{"embeddable":true,"href":"https:\/\/czaje.com\/en\/wp-json\/wp\/v2\/media\/10742"}],"wp:attachment":[{"href":"https:\/\/czaje.com\/en\/wp-json\/wp\/v2\/media?parent=10739"}],"wp:term":[{"taxonomy":"product_cat","embeddable":true,"href":"https:\/\/czaje.com\/en\/wp-json\/wp\/v2\/product_cat?post=10739"},{"taxonomy":"product_tag","embeddable":true,"href":"https:\/\/czaje.com\/en\/wp-json\/wp\/v2\/product_tag?post=10739"}],"curies":[{"name":"wp","href":"https:\/\/api.w.org\/{rel}","templated":true}]}}