{"id":10612,"date":"2025-03-23T16:11:53","date_gmt":"2025-03-23T15:11:53","guid":{"rendered":"https:\/\/czaje.com\/?post_type=product&#038;p=10612"},"modified":"2026-03-26T10:15:46","modified_gmt":"2026-03-26T09:15:46","slug":"bonbon-butterscotch-silver","status":"publish","type":"product","link":"https:\/\/czaje.com\/en\/product\/bonbon-butterscotch-silver\/","title":{"rendered":"Bonbon Butterscotch Silver"},"content":{"rendered":"<p>torebka damska<br \/>\n<\/br><\/p>\n<p>R\u0119cznie wykonana przez Basi\u0119 torebka o uroczym kszta\u0142cie woreczka. Zdecydowanie kojarzy si\u0119 z pi\u0119knie zapakowanym prezentem, skrywaj\u0105cym co\u015b s\u0142odkiego<br \/>\n<\/br><\/p>\n<p>Na \u015awiecie jest ich tylko kilka sztuk!<br \/>\nIdealna na spacer, spotkanie ze znajomymi lub najwa\u017cniejszy bal w Twoim \u017cyciu.<\/p>\n<p><\/br><br \/>\n<strong>Czas realizacji zam\u00f3wienia:<\/strong> 3-5 dni roboczych. Ale \u015bmia\u0142o pytaj, gdy\u017c wi\u0119kszo\u015b\u0107 torebek mamy dost\u0119pnych od r\u0119ki!<br \/>\n<\/br><\/p>\n<p><strong>Size:<\/strong> 24x25cm<br \/>\n<strong>D\u0142ugo\u015b\u0107 r\u0105czki:<\/strong> 37cm<br \/>\n<strong>D\u0142ugo\u015b\u0107 paska:<\/strong> 98cm<br \/>\n<strong>Elementy metalowe:<\/strong> srebrne<br \/>\n<strong>Tkanina zewn\u0119trzna:<\/strong> tkanina imituj\u0105ca wyprawion\u0105 sk\u00f3r\u0119, produkowana w oparciu o mikrow\u0142\u00f3kna &#8211; poliester z bawe\u0142n\u0105<br \/>\n<strong>Tkanina podszewki:<\/strong> bawe\u0142na<br \/>\n<\/br><br \/>\nWyprodukowano w Polsce.<br \/>\n<\/br><\/p>\n<p>Kolor metalowych oku\u0107:<br \/>\n<button style=\"background-color: #FFD700; padding:10px; border-radius:50%; border: 2px solid #FFD700;\" onclick=\"location.href='https:\/\/czaje.com\/produkt\/bonbon-butterscotch-gold\/'\"><\/button>  <button style=\"background-color: #C0C0C0; padding:10px; border-radius:50%; border: 3px solid #555555;\"><\/button><\/p>\n<p><\/br><\/br><\/p>","protected":false},"excerpt":{"rendered":"<p>torebka damska R\u0119cznie wykonana przez Basi\u0119 torebka o uroczym kszta\u0142cie woreczka. Zdecydowanie kojarzy si\u0119 z pi\u0119knie zapakowanym prezentem, skrywaj\u0105cym co\u015b s\u0142odkiego Na \u015awiecie jest ich tylko kilka sztuk! Idealna na spacer, spotkanie ze znajomymi lub najwa\u017cniejszy bal w Twoim \u017cyciu. Czas realizacji zam\u00f3wienia: 3-5 dni roboczych. Ale \u015bmia\u0142o pytaj, gdy\u017c wi\u0119kszo\u015b\u0107 torebek mamy dost\u0119pnych od [&hellip;]<\/p>","protected":false},"featured_media":10616,"comment_status":"closed","ping_status":"closed","template":"","meta":{"_acf_changed":false,"inline_featured_image":false},"product_cat":[195],"product_tag":[124,84,116,121,168,165,164,125,161,167,166],"class_list":{"0":"post-10612","1":"product","2":"type-product","3":"status-publish","4":"has-post-thumbnail","6":"product_cat-torebki-damskie","7":"product_tag-akcesoria-jedwabne","8":"product_tag-czaje","9":"product_tag-dodatki-modowe","10":"product_tag-dodatki-z-jedwabiu","11":"product_tag-handmade-bag","12":"product_tag-kopertowka","13":"product_tag-mala-torebka","14":"product_tag-moda-polska","15":"product_tag-torebka-damska","16":"product_tag-torebka-wizytowa","17":"product_tag-torebki","19":"first","20":"instock","21":"taxable","22":"shipping-taxable","23":"purchasable","24":"product-type-simple"},"acf":[],"_links":{"self":[{"href":"https:\/\/czaje.com\/en\/wp-json\/wp\/v2\/product\/10612","targetHints":{"allow":["GET"]}}],"collection":[{"href":"https:\/\/czaje.com\/en\/wp-json\/wp\/v2\/product"}],"about":[{"href":"https:\/\/czaje.com\/en\/wp-json\/wp\/v2\/types\/product"}],"replies":[{"embeddable":true,"href":"https:\/\/czaje.com\/en\/wp-json\/wp\/v2\/comments?post=10612"}],"wp:featuredmedia":[{"embeddable":true,"href":"https:\/\/czaje.com\/en\/wp-json\/wp\/v2\/media\/10616"}],"wp:attachment":[{"href":"https:\/\/czaje.com\/en\/wp-json\/wp\/v2\/media?parent=10612"}],"wp:term":[{"taxonomy":"product_cat","embeddable":true,"href":"https:\/\/czaje.com\/en\/wp-json\/wp\/v2\/product_cat?post=10612"},{"taxonomy":"product_tag","embeddable":true,"href":"https:\/\/czaje.com\/en\/wp-json\/wp\/v2\/product_tag?post=10612"}],"curies":[{"name":"wp","href":"https:\/\/api.w.org\/{rel}","templated":true}]}}