{"id":10358,"date":"2024-12-06T13:04:59","date_gmt":"2024-12-06T12:04:59","guid":{"rendered":"https:\/\/czaje.com\/?post_type=product&#038;p=10358"},"modified":"2026-03-24T12:38:26","modified_gmt":"2026-03-24T11:38:26","slug":"shopperka-czarna","status":"publish","type":"product","link":"https:\/\/czaje.com\/en\/product\/shopperka-czarna\/","title":{"rendered":"Shopperka czarna"},"content":{"rendered":"<p>shopperka<br \/>\n<\/br><\/p>\n<p>R\u0119cznie wykonana przez Basi\u0119 torebka z uroczymi kokardami <3\n<\/br><br \/>\nNa \u015awiecie jest ich tylko kilka sztuk, tak wi\u0119c to zdecydowanie bia\u0142y kruk w\u015br\u00f3d torebek!<br \/>\nIdealna na spacer, spotkanie ze znajomymi lub najwa\u017cniejsze wyj\u015bcie w Twoim \u017cyciu.<br \/>\n<\/br><br \/>\n<strong>Czas realizacji zam\u00f3wienia:<\/strong> 5-7 dni roboczych. Ale \u015bmia\u0142o pytaj, gdy\u017c wi\u0119kszo\u015b\u0107 torebek mamy dost\u0119pnych od r\u0119ki!<br \/>\n<\/br><\/p>\n<p><strong>Size:<\/strong> 55x38cm<br \/>\n<strong>D\u0142ugo\u015b\u0107 paska:<\/strong> 35-115cm<br \/>\n<strong>Fabric:<\/strong> bawe\u0142na z elastenem<br \/>\n<\/br><br \/>\nWyprodukowano w Polsce.<br \/>\n<\/br><\/p>","protected":false},"excerpt":{"rendered":"<p>shopperka R\u0119cznie wykonana przez Basi\u0119 torebka z uroczymi kokardami<\/p>","protected":false},"featured_media":10359,"comment_status":"closed","ping_status":"closed","template":"","meta":{"_acf_changed":false,"inline_featured_image":false},"product_cat":[195],"product_tag":[124,84,116,121,168,165,164,125,161,167,166],"class_list":{"0":"post-10358","1":"product","2":"type-product","3":"status-publish","4":"has-post-thumbnail","6":"product_cat-torebki-damskie","7":"product_tag-akcesoria-jedwabne","8":"product_tag-czaje","9":"product_tag-dodatki-modowe","10":"product_tag-dodatki-z-jedwabiu","11":"product_tag-handmade-bag","12":"product_tag-kopertowka","13":"product_tag-mala-torebka","14":"product_tag-moda-polska","15":"product_tag-torebka-damska","16":"product_tag-torebka-wizytowa","17":"product_tag-torebki","19":"first","20":"instock","21":"taxable","22":"shipping-taxable","23":"purchasable","24":"product-type-simple"},"acf":[],"_links":{"self":[{"href":"https:\/\/czaje.com\/en\/wp-json\/wp\/v2\/product\/10358","targetHints":{"allow":["GET"]}}],"collection":[{"href":"https:\/\/czaje.com\/en\/wp-json\/wp\/v2\/product"}],"about":[{"href":"https:\/\/czaje.com\/en\/wp-json\/wp\/v2\/types\/product"}],"replies":[{"embeddable":true,"href":"https:\/\/czaje.com\/en\/wp-json\/wp\/v2\/comments?post=10358"}],"wp:featuredmedia":[{"embeddable":true,"href":"https:\/\/czaje.com\/en\/wp-json\/wp\/v2\/media\/10359"}],"wp:attachment":[{"href":"https:\/\/czaje.com\/en\/wp-json\/wp\/v2\/media?parent=10358"}],"wp:term":[{"taxonomy":"product_cat","embeddable":true,"href":"https:\/\/czaje.com\/en\/wp-json\/wp\/v2\/product_cat?post=10358"},{"taxonomy":"product_tag","embeddable":true,"href":"https:\/\/czaje.com\/en\/wp-json\/wp\/v2\/product_tag?post=10358"}],"curies":[{"name":"wp","href":"https:\/\/api.w.org\/{rel}","templated":true}]}}