{"id":9161,"date":"2023-04-05T18:44:52","date_gmt":"2023-04-05T16:44:52","guid":{"rendered":"https:\/\/czaje.com\/?page_id=9161"},"modified":"2023-12-07T20:34:35","modified_gmt":"2023-12-07T19:34:35","slug":"naturka-herbata-i-jedwab","status":"publish","type":"page","link":"https:\/\/czaje.com\/en\/naturka-herbata-i-jedwab\/","title":{"rendered":"NATURKA"},"content":{"rendered":"<h1 style=\"color: #FDF9D7\">\n\t\tNATURKA\t<\/h1>\n<p style=\"color: #FDF9D7\">We are neither a silkworm breeder nor a tea company from grandfather, great grandfather ... but that's <b>the coolest<\/b> thing about it <b>!<\/b><\/p>\n<p><b>We explore<\/b>, what can be <b>fun<\/b>, we interpret it in our own bizarre way, then we color it and finally deliver it to you  <img loading=\"lazy\" decoding=\"async\" src=\"http:\/\/czaje.com\/wp-content\/uploads\/2022\/07\/icon_serce.png\" alt=\"\" width=\"19\" height=\"15\" \/><\/p>\n<p>So it doesn't matter if you need a nice hug or relaxation in a comfortable armchair - we are ready for anything!<br \/> <br \/>\nWe will wrap you in our <b>silk scarves<\/b> and give you a positive kick with aromatic <b>tea blends.<\/b> <\/p>\n<p><b>Because that's how we operate - with love for you, nature and art. <\/b>\n<\/p>\n<p>\t\t\t\t\t\t\t\t<a href=\"https:\/\/czaje.com\/en\/product\/watery-secrets\/\"><img width=\"1272\" height=\"1229\" src=\"http:\/\/czaje.com\/wp-content\/uploads\/2022\/10\/w_s_0-1.webp\" alt=\"Jedwabna apaszka CZAJE - Watery Secrets\" decoding=\"async\" loading=\"lazy\" srcset=\"https:\/\/i0.wp.com\/czaje.com\/wp-content\/uploads\/2022\/10\/w_s_0-1.webp?w=1272 1272w, https:\/\/i0.wp.com\/czaje.com\/wp-content\/uploads\/2022\/10\/w_s_0-1.webp?resize=300%2C290 300w, https:\/\/i0.wp.com\/czaje.com\/wp-content\/uploads\/2022\/10\/w_s_0-1.webp?resize=1024%2C989 1024w, https:\/\/i0.wp.com\/czaje.com\/wp-content\/uploads\/2022\/10\/w_s_0-1.webp?resize=768%2C742 768w, https:\/\/i0.wp.com\/czaje.com\/wp-content\/uploads\/2022\/10\/w_s_0-1.webp?resize=600%2C580 600w\" sizes=\"auto, (max-width: 1272px) 100vw, 1272px\" \/><\/a>\t\t\t<\/p>\n<h4 itemprop=\"name\" >\n\t<a itemprop=\"url\" href=\"https:\/\/czaje.com\/en\/product\/watery-secrets\/\"><br \/>\n\t\tWatery Secrets\t<\/a><br \/>\n<\/h4>\n<p>\t\t\t\t\t365,00&nbsp;&#122;&#322;<br \/>\n\t\t            <a href=\"?add-to-cart=7836\" data-quantity=\"1\" data-product_id=\"7836\" data-product_sku=\"\" aria-label=\"Dodaj &bdquo;Watery Secrets&rdquo; do koszyka\" rel=\"nofollow\">Dodaj do koszyka<\/a><br \/>\n\t\t<a href=\"https:\/\/czaje.com\/en\/product\/watery-secrets\/\"><\/a><br \/>\n\t\t\t\t\t\t\t\t<a href=\"https:\/\/czaje.com\/en\/product\/meadow-pleasures\/\"><img width=\"853\" height=\"1079\" src=\"http:\/\/czaje.com\/wp-content\/uploads\/2022\/10\/m_p_0-2.webp\" alt=\"Jedwabna apaszka CZAJE - Meadow Pleasures\" decoding=\"async\" loading=\"lazy\" srcset=\"https:\/\/i0.wp.com\/czaje.com\/wp-content\/uploads\/2022\/10\/m_p_0-2.webp?w=853 853w, https:\/\/i0.wp.com\/czaje.com\/wp-content\/uploads\/2022\/10\/m_p_0-2.webp?resize=237%2C300 237w, https:\/\/i0.wp.com\/czaje.com\/wp-content\/uploads\/2022\/10\/m_p_0-2.webp?resize=810%2C1024 810w, https:\/\/i0.wp.com\/czaje.com\/wp-content\/uploads\/2022\/10\/m_p_0-2.webp?resize=768%2C971 768w, https:\/\/i0.wp.com\/czaje.com\/wp-content\/uploads\/2022\/10\/m_p_0-2.webp?resize=600%2C759 600w\" sizes=\"auto, (max-width: 853px) 100vw, 853px\" \/><\/a>\t\t\t<\/p>\n<h4 itemprop=\"name\" >\n\t<a itemprop=\"url\" href=\"https:\/\/czaje.com\/en\/product\/meadow-pleasures\/\"><br \/>\n\t\tMeadow Pleasures\t<\/a><br \/>\n<\/h4>\n<p>\t\t\t\t\t365,00&nbsp;&#122;&#322;<br \/>\n\t\t            <a href=\"?add-to-cart=7886\" data-quantity=\"1\" data-product_id=\"7886\" data-product_sku=\"\" aria-label=\"Dodaj &bdquo;Meadow Pleasures&rdquo; do koszyka\" rel=\"nofollow\">Dodaj do koszyka<\/a><br \/>\n\t\t<a href=\"https:\/\/czaje.com\/en\/product\/meadow-pleasures\/\"><\/a><br \/>\n\t\t\t\t\t\t\t\t<a href=\"https:\/\/czaje.com\/en\/product\/jedwabna-apaszka-funky-forest\/\"><img width=\"1002\" height=\"739\" src=\"http:\/\/czaje.com\/wp-content\/uploads\/2022\/10\/f_f_0.webp\" alt=\"CZAJE jedwabna apaszka Funky Forest\" decoding=\"async\" loading=\"lazy\" srcset=\"https:\/\/i0.wp.com\/czaje.com\/wp-content\/uploads\/2022\/10\/f_f_0.webp?w=1002 1002w, https:\/\/i0.wp.com\/czaje.com\/wp-content\/uploads\/2022\/10\/f_f_0.webp?resize=300%2C221 300w, https:\/\/i0.wp.com\/czaje.com\/wp-content\/uploads\/2022\/10\/f_f_0.webp?resize=768%2C566 768w, https:\/\/i0.wp.com\/czaje.com\/wp-content\/uploads\/2022\/10\/f_f_0.webp?resize=600%2C443 600w\" sizes=\"auto, (max-width: 1002px) 100vw, 1002px\" \/><\/a>\t\t\t<\/p>\n<h4 itemprop=\"name\" >\n\t<a itemprop=\"url\" href=\"https:\/\/czaje.com\/en\/product\/jedwabna-apaszka-funky-forest\/\"><br \/>\n\t\tFunky Forest\t<\/a><br \/>\n<\/h4>\n<p>\t\t\t\t\t365,00&nbsp;&#122;&#322;<br \/>\n\t\t            <a href=\"?add-to-cart=7887\" data-quantity=\"1\" data-product_id=\"7887\" data-product_sku=\"\" aria-label=\"Dodaj &bdquo;Funky Forest&rdquo; do koszyka\" rel=\"nofollow\">Dodaj do koszyka<\/a><br \/>\n\t\t<a href=\"https:\/\/czaje.com\/en\/product\/jedwabna-apaszka-funky-forest\/\"><\/a>\t<\/p>\n<p style=\"color: #FDF9D7\">Original tea blends that will take you to the land of delight! <\/p>\n<p>\t\t\t\t\t\t\t\t<a href=\"https:\/\/czaje.com\/en\/product\/choco-loco\/\"><img width=\"1024\" height=\"1024\" src=\"http:\/\/czaje.com\/wp-content\/uploads\/2023\/12\/choco-loco_0.png\" alt=\"\" decoding=\"async\" loading=\"lazy\" srcset=\"https:\/\/i0.wp.com\/czaje.com\/wp-content\/uploads\/2023\/12\/choco-loco_0.png?w=1024 1024w, https:\/\/i0.wp.com\/czaje.com\/wp-content\/uploads\/2023\/12\/choco-loco_0.png?resize=300%2C300 300w, https:\/\/i0.wp.com\/czaje.com\/wp-content\/uploads\/2023\/12\/choco-loco_0.png?resize=150%2C150 150w, https:\/\/i0.wp.com\/czaje.com\/wp-content\/uploads\/2023\/12\/choco-loco_0.png?resize=768%2C768 768w, https:\/\/i0.wp.com\/czaje.com\/wp-content\/uploads\/2023\/12\/choco-loco_0.png?resize=12%2C12 12w, https:\/\/i0.wp.com\/czaje.com\/wp-content\/uploads\/2023\/12\/choco-loco_0.png?resize=650%2C650 650w, https:\/\/i0.wp.com\/czaje.com\/wp-content\/uploads\/2023\/12\/choco-loco_0.png?resize=600%2C600 600w, https:\/\/i0.wp.com\/czaje.com\/wp-content\/uploads\/2023\/12\/choco-loco_0.png?resize=100%2C100 100w\" sizes=\"auto, (max-width: 1024px) 100vw, 1024px\" \/><\/a>\t\t\t<\/p>\n<h4 itemprop=\"name\" >\n\t<a itemprop=\"url\" href=\"https:\/\/czaje.com\/en\/product\/choco-loco\/\"><br \/>\n\t\tChoco Loco\t<\/a><br \/>\n<\/h4>\n<p>\t\t\t\t\t32,00&nbsp;&#122;&#322;<br \/>\n\t\t            <a href=\"?add-to-cart=9559\" data-quantity=\"1\" data-product_id=\"9559\" data-product_sku=\"\" aria-label=\"Dodaj &bdquo;Choco Loco&rdquo; do koszyka\" rel=\"nofollow\">Dodaj do koszyka<\/a><br \/>\n\t\t<a href=\"https:\/\/czaje.com\/en\/product\/choco-loco\/\"><\/a><br \/>\n\t\t\t\t\t\t\t\t<a href=\"https:\/\/czaje.com\/en\/product\/stay-sunny-zielona-herbata-czaje\/\"><img width=\"1024\" height=\"1024\" src=\"http:\/\/czaje.com\/wp-content\/uploads\/2022\/12\/stay-sunny_0.png\" alt=\"\" decoding=\"async\" loading=\"lazy\" srcset=\"https:\/\/i0.wp.com\/czaje.com\/wp-content\/uploads\/2022\/12\/stay-sunny_0.png?w=1024 1024w, https:\/\/i0.wp.com\/czaje.com\/wp-content\/uploads\/2022\/12\/stay-sunny_0.png?resize=300%2C300 300w, https:\/\/i0.wp.com\/czaje.com\/wp-content\/uploads\/2022\/12\/stay-sunny_0.png?resize=150%2C150 150w, https:\/\/i0.wp.com\/czaje.com\/wp-content\/uploads\/2022\/12\/stay-sunny_0.png?resize=768%2C768 768w, https:\/\/i0.wp.com\/czaje.com\/wp-content\/uploads\/2022\/12\/stay-sunny_0.png?resize=12%2C12 12w, https:\/\/i0.wp.com\/czaje.com\/wp-content\/uploads\/2022\/12\/stay-sunny_0.png?resize=650%2C650 650w, https:\/\/i0.wp.com\/czaje.com\/wp-content\/uploads\/2022\/12\/stay-sunny_0.png?resize=600%2C600 600w, https:\/\/i0.wp.com\/czaje.com\/wp-content\/uploads\/2022\/12\/stay-sunny_0.png?resize=100%2C100 100w\" sizes=\"auto, (max-width: 1024px) 100vw, 1024px\" \/><\/a>\t\t\t<\/p>\n<h4 itemprop=\"name\" >\n\t<a itemprop=\"url\" href=\"https:\/\/czaje.com\/en\/product\/stay-sunny-zielona-herbata-czaje\/\"><br \/>\n\t\tStay Sunny\t<\/a><br \/>\n<\/h4>\n<p>\t\t\t\t\t28,00&nbsp;&#122;&#322;<br \/>\n\t\t            <a href=\"?add-to-cart=8735\" data-quantity=\"1\" data-product_id=\"8735\" data-product_sku=\"\" aria-label=\"Dodaj &bdquo;Stay Sunny&rdquo; do koszyka\" rel=\"nofollow\">Dodaj do koszyka<\/a><br \/>\n\t\t<a href=\"https:\/\/czaje.com\/en\/product\/stay-sunny-zielona-herbata-czaje\/\"><\/a><br \/>\n\t\t\t\t\t\t\t\t<a href=\"https:\/\/czaje.com\/en\/product\/zielona-herbata-wild-child\/\"><img width=\"1024\" height=\"1024\" src=\"http:\/\/czaje.com\/wp-content\/uploads\/2022\/12\/wild-child_0.png\" alt=\"\" decoding=\"async\" loading=\"lazy\" srcset=\"https:\/\/i0.wp.com\/czaje.com\/wp-content\/uploads\/2022\/12\/wild-child_0.png?w=1024 1024w, https:\/\/i0.wp.com\/czaje.com\/wp-content\/uploads\/2022\/12\/wild-child_0.png?resize=300%2C300 300w, https:\/\/i0.wp.com\/czaje.com\/wp-content\/uploads\/2022\/12\/wild-child_0.png?resize=150%2C150 150w, https:\/\/i0.wp.com\/czaje.com\/wp-content\/uploads\/2022\/12\/wild-child_0.png?resize=768%2C768 768w, https:\/\/i0.wp.com\/czaje.com\/wp-content\/uploads\/2022\/12\/wild-child_0.png?resize=12%2C12 12w, https:\/\/i0.wp.com\/czaje.com\/wp-content\/uploads\/2022\/12\/wild-child_0.png?resize=650%2C650 650w, https:\/\/i0.wp.com\/czaje.com\/wp-content\/uploads\/2022\/12\/wild-child_0.png?resize=600%2C600 600w, https:\/\/i0.wp.com\/czaje.com\/wp-content\/uploads\/2022\/12\/wild-child_0.png?resize=100%2C100 100w\" sizes=\"auto, (max-width: 1024px) 100vw, 1024px\" \/><\/a>\t\t\t<\/p>\n<h4 itemprop=\"name\" >\n\t<a itemprop=\"url\" href=\"https:\/\/czaje.com\/en\/product\/zielona-herbata-wild-child\/\"><br \/>\n\t\tWild Child\t<\/a><br \/>\n<\/h4>\n<p>\t\t\t\t\t32,00&nbsp;&#122;&#322;<br \/>\n\t\t            <a href=\"?add-to-cart=8738\" data-quantity=\"1\" data-product_id=\"8738\" data-product_sku=\"\" aria-label=\"Dodaj &bdquo;Wild Child&rdquo; do koszyka\" rel=\"nofollow\">Dodaj do koszyka<\/a><br \/>\n\t\t<a href=\"https:\/\/czaje.com\/en\/product\/zielona-herbata-wild-child\/\"><\/a><br \/>\n\t\t\t\t\t\t\t\t<a href=\"https:\/\/czaje.com\/en\/product\/awesome-blossom-czarna-herbata-czaje\/\"><img width=\"1024\" height=\"1024\" src=\"http:\/\/czaje.com\/wp-content\/uploads\/2022\/12\/awesome-blossom_0.png\" alt=\"\" decoding=\"async\" loading=\"lazy\" srcset=\"https:\/\/i0.wp.com\/czaje.com\/wp-content\/uploads\/2022\/12\/awesome-blossom_0.png?w=1024 1024w, https:\/\/i0.wp.com\/czaje.com\/wp-content\/uploads\/2022\/12\/awesome-blossom_0.png?resize=300%2C300 300w, https:\/\/i0.wp.com\/czaje.com\/wp-content\/uploads\/2022\/12\/awesome-blossom_0.png?resize=150%2C150 150w, https:\/\/i0.wp.com\/czaje.com\/wp-content\/uploads\/2022\/12\/awesome-blossom_0.png?resize=768%2C768 768w, https:\/\/i0.wp.com\/czaje.com\/wp-content\/uploads\/2022\/12\/awesome-blossom_0.png?resize=12%2C12 12w, https:\/\/i0.wp.com\/czaje.com\/wp-content\/uploads\/2022\/12\/awesome-blossom_0.png?resize=650%2C650 650w, https:\/\/i0.wp.com\/czaje.com\/wp-content\/uploads\/2022\/12\/awesome-blossom_0.png?resize=600%2C600 600w, https:\/\/i0.wp.com\/czaje.com\/wp-content\/uploads\/2022\/12\/awesome-blossom_0.png?resize=100%2C100 100w\" sizes=\"auto, (max-width: 1024px) 100vw, 1024px\" \/><\/a>\t\t\t<\/p>\n<h4 itemprop=\"name\" >\n\t<a itemprop=\"url\" href=\"https:\/\/czaje.com\/en\/product\/awesome-blossom-czarna-herbata-czaje\/\"><br \/>\n\t\tAwesome Blossom\t<\/a><br \/>\n<\/h4>\n<p>\t\t\t\t\t30,00&nbsp;&#122;&#322;<br \/>\n\t\t            <a href=\"?add-to-cart=8729\" data-quantity=\"1\" data-product_id=\"8729\" data-product_sku=\"\" aria-label=\"Dodaj &bdquo;Awesome Blossom&rdquo; do koszyka\" rel=\"nofollow\">Dodaj do koszyka<\/a><br \/>\n\t\t<a href=\"https:\/\/czaje.com\/en\/product\/awesome-blossom-czarna-herbata-czaje\/\"><\/a>\t<\/p>\n<p style=\"color: #FDF9D7\">We sincerely believe that these (un)ordinary creations of our imagination will bring a huge smile to your face <img loading=\"lazy\" decoding=\"async\" src=\"http:\/\/czaje.com\/wp-content\/uploads\/2023\/04\/cieszaca-sie-minka_maselko-jasne.png\" alt=\"\" width=\"24\" height=\"16\" \/><\/p>\n<p>\t\t<a href=\"https:\/\/czaje.com\/en\/wellmess\/\" target=\"_self\" data-hover-color=\"#DD86D2\" data-hover-background-color=\"#FDF9D7\" data-hover-border-color=\"#FDF9D7\" style=\"color: #FDF9D7;background-color: #DD86D2;border-color: #FDF9D7\" rel=\"noopener\">    <svg  xmlns=\"http:\/\/www.w3.org\/2000\/svg\" xmlns:xlink=\"http:\/\/www.w3.org\/1999\/xlink\" x=\"0px\" y=\"0px\" width=\"28\" height=\"18\" viewbox=\"0 0 28 18\"  xml:space=\"preserve\"><path d=\"M27.6,8.5c-5.5,0-9.5-8.1-9.5-8.2C17.9,0,17.7,0,17.5,0.1c-0.2,0.1-0.3,0.4-0.1,0.7c0.1,0.3,2.7,5.5,6.7,7.7H0.4C0.2,8.5,0,8.7,0,9c0,0.3,0.2,0.5,0.4,0.5h23.7c-4,2.2-6.6,7.4-6.7,7.7c-0.1,0.2,0,0.5,0.1,0.7c0.2,0.1,0.4,0.1,0.6-0.2c0-0.1,4.1-8.2,9.5-8.2C27.8,9.5,28,9.3,28,9C28,8.7,27.8,8.5,27.6,8.5z\"\/><path d=\"M27.6,8.5c-5.5,0-9.5-8.1-9.5-8.2C17.9,0,17.7,0,17.5,0.1c-0.2,0.1-0.3,0.4-0.1,0.7c0.1,0.3,2.7,5.5,6.7,7.7H0.4C0.2,8.5,0,8.7,0,9c0,0.3,0.2,0.5,0.4,0.5h23.7c-4,2.2-6.6,7.4-6.7,7.7c-0.1,0.2,0,0.5,0.1,0.7c0.2,0.1,0.4,0.1,0.6-0.2c0-0.1,4.1-8.2,9.5-8.2C27.8,9.5,28,9.3,28,9C28,8.7,27.8,8.5,27.6,8.5z\"\/><\/svg>    SEE THE WELLMESS COLLECTION<\/a><br \/>\n\t\t<a href=\"https:\/\/czaje.com\/en\/sklep\/\" target=\"_self\" data-hover-color=\"#DD86D2\" data-hover-background-color=\"#FDF9D7\" data-hover-border-color=\"#FDF9D7\" style=\"color: #FDF9D7;background-color: #DD86D2;border-color: #FDF9D7\" rel=\"noopener\">    <svg  xmlns=\"http:\/\/www.w3.org\/2000\/svg\" xmlns:xlink=\"http:\/\/www.w3.org\/1999\/xlink\" x=\"0px\" y=\"0px\" width=\"28\" height=\"18\" viewbox=\"0 0 28 18\"  xml:space=\"preserve\"><path d=\"M27.6,8.5c-5.5,0-9.5-8.1-9.5-8.2C17.9,0,17.7,0,17.5,0.1c-0.2,0.1-0.3,0.4-0.1,0.7c0.1,0.3,2.7,5.5,6.7,7.7H0.4C0.2,8.5,0,8.7,0,9c0,0.3,0.2,0.5,0.4,0.5h23.7c-4,2.2-6.6,7.4-6.7,7.7c-0.1,0.2,0,0.5,0.1,0.7c0.2,0.1,0.4,0.1,0.6-0.2c0-0.1,4.1-8.2,9.5-8.2C27.8,9.5,28,9.3,28,9C28,8.7,27.8,8.5,27.6,8.5z\"\/><path d=\"M27.6,8.5c-5.5,0-9.5-8.1-9.5-8.2C17.9,0,17.7,0,17.5,0.1c-0.2,0.1-0.3,0.4-0.1,0.7c0.1,0.3,2.7,5.5,6.7,7.7H0.4C0.2,8.5,0,8.7,0,9c0,0.3,0.2,0.5,0.4,0.5h23.7c-4,2.2-6.6,7.4-6.7,7.7c-0.1,0.2,0,0.5,0.1,0.7c0.2,0.1,0.4,0.1,0.6-0.2c0-0.1,4.1-8.2,9.5-8.2C27.8,9.5,28,9.3,28,9C28,8.7,27.8,8.5,27.6,8.5z\"\/><\/svg>    SEE ALL PRODUCTS<\/a><\/p>","protected":false},"excerpt":{"rendered":"<p>NATURKA Nie jeste\u015bmy ani hodowc\u0105 jedwabnik\u00f3w, ani firm\u0105 herbacian\u0105 z dziada, pradziada.. ale w\u0142a\u015bnie to jest w tym najfajniejsze! Obczajamy, co mo\u017ce sprawia\u0107 przyjemno\u015b\u0107, interpretujemy to na sw\u00f3j dziwaczny spos\u00f3b, nast\u0119pnie to kolorujemy i finalnie dostarczamy Tobie Niewa\u017cne wi\u0119c, czy potrzebujesz mi\u0142ego przytulasa, czy relaksu w wygodnym fotelu \u2013 jeste\u015bmy gotowe na wszystko! Otulimy Ci\u0119 [&hellip;]<\/p>","protected":false},"author":1,"featured_media":9285,"parent":0,"menu_order":0,"comment_status":"closed","ping_status":"closed","template":"","meta":{"_acf_changed":false,"inline_featured_image":false,"footnotes":""},"class_list":["post-9161","page","type-page","status-publish","has-post-thumbnail","hentry"],"acf":[],"_links":{"self":[{"href":"https:\/\/czaje.com\/en\/wp-json\/wp\/v2\/pages\/9161","targetHints":{"allow":["GET"]}}],"collection":[{"href":"https:\/\/czaje.com\/en\/wp-json\/wp\/v2\/pages"}],"about":[{"href":"https:\/\/czaje.com\/en\/wp-json\/wp\/v2\/types\/page"}],"author":[{"embeddable":true,"href":"https:\/\/czaje.com\/en\/wp-json\/wp\/v2\/users\/1"}],"replies":[{"embeddable":true,"href":"https:\/\/czaje.com\/en\/wp-json\/wp\/v2\/comments?post=9161"}],"version-history":[{"count":27,"href":"https:\/\/czaje.com\/en\/wp-json\/wp\/v2\/pages\/9161\/revisions"}],"predecessor-version":[{"id":9581,"href":"https:\/\/czaje.com\/en\/wp-json\/wp\/v2\/pages\/9161\/revisions\/9581"}],"wp:featuredmedia":[{"embeddable":true,"href":"https:\/\/czaje.com\/en\/wp-json\/wp\/v2\/media\/9285"}],"wp:attachment":[{"href":"https:\/\/czaje.com\/en\/wp-json\/wp\/v2\/media?parent=9161"}],"curies":[{"name":"wp","href":"https:\/\/api.w.org\/{rel}","templated":true}]}}