{"id":2368,"date":"2021-05-21T09:13:28","date_gmt":"2021-05-21T07:13:28","guid":{"rendered":"https:\/\/gracey.qodeinteractive.com\/?page_id=2368"},"modified":"2024-09-21T15:47:30","modified_gmt":"2024-09-21T13:47:30","slug":"o-nas","status":"publish","type":"page","link":"https:\/\/czaje.com\/en\/o-nas\/","title":{"rendered":"ABOUT US"},"content":{"rendered":"<h2 style=\"color: #360B63\">\n\t\tczaje\/lurk<\/h2>\n<p style=\"color: #360B63\"><b>Czai\u0107\/lurking<br \/>\n1. slang: to understand something; to catch, to glow, to grab, to catch; check someone or something; check out;<\/b><\/p>\n<p><b><br \/>\n<\/b><b>2. lurking:<br \/>\na) hide;<\/b><\/p>\n<p><b><br \/>\n<\/b><b>b) approach undetected<\/b><\/p>\n<p><img decoding=\"async\" width=\"554\" height=\"533\" src=\"http:\/\/czaje.com\/wp-content\/uploads\/2022\/10\/onas_4_1.webp\" alt=\"CZAJE o nas\" loading=\"lazy\" srcset=\"https:\/\/i0.wp.com\/czaje.com\/wp-content\/uploads\/2022\/10\/onas_4_1.webp?w=554 554w, https:\/\/i0.wp.com\/czaje.com\/wp-content\/uploads\/2022\/10\/onas_4_1.webp?resize=300%2C289 300w\" sizes=\"auto, (max-width: 554px) 100vw, 554px\"><br \/>\n<img decoding=\"async\" width=\"534\" height=\"623\" src=\"http:\/\/czaje.com\/wp-content\/uploads\/2022\/10\/onas_333.webp\" alt=\"CZAJE o nas\" loading=\"lazy\" srcset=\"https:\/\/i0.wp.com\/czaje.com\/wp-content\/uploads\/2022\/10\/onas_333.webp?w=534 534w, https:\/\/i0.wp.com\/czaje.com\/wp-content\/uploads\/2022\/10\/onas_333.webp?resize=257%2C300 257w\" sizes=\"auto, (max-width: 534px) 100vw, 534px\"><\/p>\n<p>It's so short ... But our \"czaje\"<br \/>\nhas a bit more meaning&nbsp;<img loading=\"lazy\" decoding=\"async\" src=\"http:\/\/czaje.com\/wp-content\/uploads\/2022\/12\/icon_usmiech_oczko_dark-1.png\" alt=\"\" width=\"25\" height=\"11\"><\/p>\n<p>We pay attention to what's in the grass (at least we try hard) and by analyzing all the gusts of wind, the phases of the moon, and even the prophecies of the Foreteller Maciej, we deliver the best!<\/p>\n<p>Through our invented products, we try to provide a sense of comfort and joy.<br \/>\nFrom unique tea blends or whatever you<br \/>\nprefer - <b>czaju<\/b> (yes, that's a very subtle reference<br \/>\nto our name <img loading=\"lazy\" decoding=\"async\" src=\"http:\/\/czaje.com\/wp-content\/uploads\/2022\/12\/icon_usmiech_oczko_juhu_dark.png\" alt=\"\" width=\"25\" height=\"16\">), to <b>silk scarves<br \/>\n<\/b>with an original print created just outside Warsaw. We will adapt your needs and wrap you with the properties of our small works of art.&nbsp;<\/p>\n<p>Because that's what we do - with humor<br \/>\nand love for people, nature and art!&nbsp;<\/p>\n<p>P.S.<\/p>\n<p>We are still developing and still lurking<br \/>\nwith some things... but soon <br \/>*scout's word!* more \"joymakers\"<br \/>\nwill see the light of day.&nbsp;<\/p>\n<p>Stay with us for longer <img loading=\"lazy\" decoding=\"async\" src=\"http:\/\/czaje.com\/wp-content\/uploads\/2022\/12\/icon_usmiech_oczko_dark-1.png\" alt=\"\" width=\"25\" height=\"11\"><\/p>\n<h2 style=\"color: #360B63\">\n\t\thello<\/h2>\n<p>It's us, 2 girls who didn't want to work full-time anymore, so they invented a full-time job themselves.<\/p>\n<p><img decoding=\"async\" width=\"535\" height=\"623\" src=\"http:\/\/czaje.com\/wp-content\/uploads\/2022\/10\/onas_1_1.webp\" alt=\"CZAJE o nas\" loading=\"lazy\" srcset=\"https:\/\/i0.wp.com\/czaje.com\/wp-content\/uploads\/2022\/10\/onas_1_1.webp?w=535 535w, https:\/\/i0.wp.com\/czaje.com\/wp-content\/uploads\/2022\/10\/onas_1_1.webp?resize=258%2C300 258w\" sizes=\"auto, (max-width: 535px) 100vw, 535px\"><\/p>\n<h5 itemprop=\"name\">\n\t\t\tBasia D\u0105browska<\/h5>\n<p>Co-lurk<\/p>\n<p><a href=\"https:\/\/www.behance.net\/bknapinska2834\" target=\"_blank\" rel=\"noopener\"><br \/>\n<\/a><br \/>\n<a href=\"https:\/\/www.facebook.com\/basia.knapinska\" target=\"_blank\" rel=\"noopener\"><br \/>\n<\/a><br \/>\n<a href=\"https:\/\/www.instagram.com\/barbdabrowska\/\" target=\"_blank\" rel=\"noopener\"><br \/>\n<\/a><br \/>\n<img decoding=\"async\" width=\"535\" height=\"623\" src=\"http:\/\/czaje.com\/wp-content\/uploads\/2022\/10\/onas_2_1.webp\" alt=\"CZAJE o nas\" loading=\"lazy\" srcset=\"https:\/\/i0.wp.com\/czaje.com\/wp-content\/uploads\/2022\/10\/onas_2_1.webp?w=535 535w, https:\/\/i0.wp.com\/czaje.com\/wp-content\/uploads\/2022\/10\/onas_2_1.webp?resize=258%2C300 258w\" sizes=\"auto, (max-width: 535px) 100vw, 535px\"><\/p>\n<h5 itemprop=\"name\">\n\t\t\tKama Bartosz<\/h5>\n<p>Co-lurk<\/p>\n<p><a href=\"https:\/\/www.facebook.com\/murkaa\" target=\"_blank\" rel=\"noopener\"><br \/>\n<\/a><br \/>\n<a href=\"https:\/\/www.instagram.com\/baba.lew\/\" target=\"_blank\" rel=\"noopener\"><br \/>\n<\/a><\/p>","protected":false},"excerpt":{"rendered":"<p>czaje Czai\u0107 1. slangowo: rozumie\u0107 co\u015b; kuma\u0107, jarzy\u0107, kapowa\u0107, \u0142apa\u0107; sprawdza\u0107 kogo\u015b lub co\u015b; obczaja\u0107; 2. czai\u0107 si\u0119: a) ukrywa\u0107 si\u0119; b) zbli\u017ca\u0107 si\u0119 niepostrze\u017cenie To tak pokr\u00f3tce&#8230; Ale nasze \u2018czaje&#8217; ma nieco wi\u0119cej znacze\u0144&nbsp; Czaimy bowiem, co w trawie piszczy (przynajmniej usilnie pr\u00f3bujemy) i analizuj\u0105c wszystkie powiewy wiatru, fazy ksi\u0119\u017cyca, a nawet przepowiednie Wr\u00f3\u017cbity [&hellip;]<\/p>","protected":false},"author":1,"featured_media":8912,"parent":0,"menu_order":0,"comment_status":"closed","ping_status":"closed","template":"","meta":{"_acf_changed":false,"inline_featured_image":false,"footnotes":""},"class_list":["post-2368","page","type-page","status-publish","has-post-thumbnail","hentry"],"acf":[],"_links":{"self":[{"href":"https:\/\/czaje.com\/en\/wp-json\/wp\/v2\/pages\/2368","targetHints":{"allow":["GET"]}}],"collection":[{"href":"https:\/\/czaje.com\/en\/wp-json\/wp\/v2\/pages"}],"about":[{"href":"https:\/\/czaje.com\/en\/wp-json\/wp\/v2\/types\/page"}],"author":[{"embeddable":true,"href":"https:\/\/czaje.com\/en\/wp-json\/wp\/v2\/users\/1"}],"replies":[{"embeddable":true,"href":"https:\/\/czaje.com\/en\/wp-json\/wp\/v2\/comments?post=2368"}],"version-history":[{"count":108,"href":"https:\/\/czaje.com\/en\/wp-json\/wp\/v2\/pages\/2368\/revisions"}],"predecessor-version":[{"id":10124,"href":"https:\/\/czaje.com\/en\/wp-json\/wp\/v2\/pages\/2368\/revisions\/10124"}],"wp:featuredmedia":[{"embeddable":true,"href":"https:\/\/czaje.com\/en\/wp-json\/wp\/v2\/media\/8912"}],"wp:attachment":[{"href":"https:\/\/czaje.com\/en\/wp-json\/wp\/v2\/media?parent=2368"}],"curies":[{"name":"wp","href":"https:\/\/api.w.org\/{rel}","templated":true}]}}